{"id":17919,"date":"2025-11-11T13:48:28","date_gmt":"2025-11-11T13:48:28","guid":{"rendered":"https:\/\/ciso-edge.com\/espana\/?page_id=17919"},"modified":"2025-11-11T13:49:03","modified_gmt":"2025-11-11T13:49:03","slug":"raul-moreno-jimenez-2","status":"publish","type":"page","link":"https:\/\/ciso-edge.com\/espana\/raul-moreno-jimenez-2\/","title":{"rendered":"Raul Moreno Jim\u00e9nez"},"content":{"rendered":"\t\t<div data-elementor-type=\"wp-page\" data-elementor-id=\"17919\" class=\"elementor elementor-17919\">\n\t\t\t\t        <section class=\"elementor-section elementor-top-section elementor-element elementor-element-3d00dfe0 elementor-section-boxed elementor-section-height-default elementor-section-height-default pxl-row-scroll-none pxl-section-overflow-visible pxl-bg-color-none pxl-section-overlay-none\" data-id=\"3d00dfe0\" data-element_type=\"section\">\n\n                \n                <div class=\"elementor-container elementor-column-gap-default \">\n                <div class=\"elementor-column elementor-col-100 elementor-top-column elementor-element elementor-element-56b09cc4 pxl-column-none pxl-column-overflow-hidden-no\" data-id=\"56b09cc4\" data-element_type=\"column\">\r\n        <div class=\"elementor-widget-wrap elementor-element-populated\">\r\n                     \r\n                <section class=\"elementor-section elementor-inner-section elementor-element elementor-element-3d2dfe35 elementor-section-boxed elementor-section-height-default elementor-section-height-default pxl-row-scroll-none pxl-section-overflow-visible pxl-bg-color-none pxl-section-overlay-none\" data-id=\"3d2dfe35\" data-element_type=\"section\">\n\n                \n                <div class=\"elementor-container elementor-column-gap-extended \">\n                <div class=\"elementor-column elementor-col-50 elementor-inner-column elementor-element elementor-element-23af06b3 pxl-column-none pxl-column-overflow-hidden-no\" data-id=\"23af06b3\" data-element_type=\"column\">\r\n        <div class=\"elementor-widget-wrap elementor-element-populated\">\r\n                     \r\n        \t\t<div class=\"elementor-element elementor-element-225a7814 elementor-widget elementor-widget-pxl_image\" data-id=\"225a7814\" data-element_type=\"widget\" data-widget_type=\"pxl_image.default\">\n\t\t\t\t<div class=\"elementor-widget-container\">\n\t\t\t\t\t<div id=\"pxl_image-225a7814-1100\" class=\"pxl-image-single  style-default  style-hover-default\" data-wow-delay=\"ms\"  >\r\n    <div class=\"pxl-item--inner \" data-wow-delay=\"120ms\">\r\n        \r\n                    <div class=\"pxl-item--image\" data-parallax-value=\"\">\r\n                                <img fetchpriority=\"high\" decoding=\"async\" class=\"no-lazyload \" src=\"https:\/\/ciso-edge.com\/espana\/wp-content\/uploads\/2025\/10\/Raul-Moreno-Jimenez-431x561.jpeg\" width=\"431\" height=\"561\" alt=\"Ra\u00fal Moreno Jim\u00e9nez\" title=\"Ra\u00fal Moreno Jim\u00e9nez\" \/>                            <\/div>\r\n            \r\n        <div class=\"btn-image\">\r\n                                                    <\/div>\r\n    <\/div>\r\n<\/div>\t\t\t\t<\/div>\n\t\t\t\t<\/div>\n\t\t\t\t<div class=\"elementor-element elementor-element-4d2fe0cf elementor-widget elementor-widget-pxl_heading\" data-id=\"4d2fe0cf\" data-element_type=\"widget\" data-widget_type=\"pxl_heading.default\">\n\t\t\t\t<div class=\"elementor-widget-container\">\n\t\t\t\t\t<div id=\"pxl-pxl_heading-4d2fe0cf-2656\" class=\"pxl-heading pxl-heading--tcustom\">\n\t<div class=\"pxl-heading--inner\">\n\n\t\t\n\t<h3 class=\"pxl-item--title   pxl-color-style-1 \" data-wow-delay=\"ms\">\n\n\n\tRaul Moreno Jim\u00e9nez\t\t\t\n\t<\/h3>\n\n<\/div>\n<\/div>\t\t\t\t<\/div>\n\t\t\t\t<\/div>\n\t\t\t\t<div class=\"elementor-element elementor-element-c80feda elementor-widget elementor-widget-pxl_text_editor\" data-id=\"c80feda\" data-element_type=\"widget\" data-widget_type=\"pxl_text_editor.default\">\n\t\t\t\t<div class=\"elementor-widget-container\">\n\t\t\t\t\t<div class=\"pxl-text-editor\">\n\t<div class=\"pxl-item--inner \" data-wow-delay=\"ms\">\n\t\t<div class=\"pxl-item--position\">CISO, Grupo Fertiberia<\/div>\t\t\n\t<\/div>\n<\/div>\t\t\t\t<\/div>\n\t\t\t\t<\/div>\n\t\t            <\/div>\r\n        <\/div>\r\n                <div class=\"elementor-column elementor-col-50 elementor-inner-column elementor-element elementor-element-7809f610 pxl-column-none pxl-column-overflow-hidden-no\" data-id=\"7809f610\" data-element_type=\"column\">\r\n        <div class=\"elementor-widget-wrap elementor-element-populated\">\r\n                     \r\n        \t\t<div class=\"elementor-element elementor-element-3c16eadb elementor-widget elementor-widget-pxl_heading\" data-id=\"3c16eadb\" data-element_type=\"widget\" data-widget_type=\"pxl_heading.default\">\n\t\t\t\t<div class=\"elementor-widget-container\">\n\t\t\t\t\t<div id=\"pxl-pxl_heading-3c16eadb-8035\" class=\"pxl-heading pxl-heading--tcustom\">\n\t<div class=\"pxl-heading--inner\">\n\n\t\t\n\t<h3 class=\"pxl-item--title   pxl-color-style-1 \" data-wow-delay=\"ms\">\n\n\n\tAbout Raul Moreno Jim\u00e9nez\t\t\t\n\t<\/h3>\n\n<\/div>\n<\/div>\t\t\t\t<\/div>\n\t\t\t\t<\/div>\n\t\t\t\t<div class=\"elementor-element elementor-element-9ba92e7 elementor-widget elementor-widget-pxl_text_editor\" data-id=\"9ba92e7\" data-element_type=\"widget\" data-widget_type=\"pxl_text_editor.default\">\n\t\t\t\t<div class=\"elementor-widget-container\">\n\t\t\t\t\t<div class=\"pxl-text-editor\">\n\t<div class=\"pxl-item--inner \" data-wow-delay=\"ms\">\n\t\t<p>***Computer Engineer, MBA from the Polytechnic University of Madrid, PMP Certified for more than 16 years, with more than 28 years of experience in technology. With extensive experience in international environments in countries such as Mexico, Colombia and Italy. In the last 15 years I have held positions such as: Director of production of technological services in SATEC. European Technology Director at CODERE CIO at Berg\u00e9. These positions allow me to have a wide experience in business transformation through digital transformation. In addition to a great experience in designing and leading strategic plans involving technological renewals and process optimisation. With a clear focus on automation, digitalisation and sustainable technologies.<\/p><p>In my current position as CIO of Berge, I lead the technological and cultural transformation of the company, with projects of profound transformation in the business model and the implementation of innovative technologies in the port sector in which Berg\u00e9 operates.<\/p>\t\t\n\t<\/div>\n<\/div>\t\t\t\t<\/div>\n\t\t\t\t<\/div>\n\t\t\t\t<div class=\"elementor-element elementor-element-5bb20a2b elementor-widget__width-auto elementor-widget-mobile__width-auto elementor-widget elementor-widget-pxl_list\" data-id=\"5bb20a2b\" data-element_type=\"widget\" data-widget_type=\"pxl_list.default\">\n\t\t\t\t<div class=\"elementor-widget-container\">\n\t\t\t\t\t<div class=\"pxl-list pxl-list1 type-vertical \" data-wow-delay=\"ms\">\r\n    <div class=\"pxl--title \"> <\/div>\r\n    \r\n\r\n        <div class=\"pxl--item\">\r\n            <a >\r\n                                    <div class=\"pxl-item--icon pxl-mr-10 style-1\">\r\n                        <i aria-hidden=\"true\" class=\"fas fa-check\"><\/i>                    <\/div>\r\n                                <div class=\"pxl-item--text  el-empty\">\r\n                    <div class=\"pxl-item-text\">\r\n                       27 Years In IT Leadership                   <\/div>\r\n                   <div class=\"pxl-sub-text\">\r\n                                    <\/div>\r\n            <\/div>\r\n        <\/a>\r\n    <\/div>\r\n\r\n\r\n        <div class=\"pxl--item\">\r\n            <a >\r\n                                    <div class=\"pxl-item--icon pxl-mr-10 style-1\">\r\n                        <i aria-hidden=\"true\" class=\"fas fa-check\"><\/i>                    <\/div>\r\n                                <div class=\"pxl-item--text  el-empty\">\r\n                    <div class=\"pxl-item-text\">\r\n                       2 Years As CIO At Grupo Petropolis                   <\/div>\r\n                   <div class=\"pxl-sub-text\">\r\n                                    <\/div>\r\n            <\/div>\r\n        <\/a>\r\n    <\/div>\r\n\r\n\r\n        <div class=\"pxl--item\">\r\n            <a >\r\n                                    <div class=\"pxl-item--icon pxl-mr-10 style-1\">\r\n                        <i aria-hidden=\"true\" class=\"fas fa-check\"><\/i>                    <\/div>\r\n                                <div class=\"pxl-item--text  el-empty\">\r\n                    <div class=\"pxl-item-text\">\r\n                       2 Years As CIO At Jamef Encomendas Urgentes                    <\/div>\r\n                   <div class=\"pxl-sub-text\">\r\n                                    <\/div>\r\n            <\/div>\r\n        <\/a>\r\n    <\/div>\r\n<\/div>\r\n\t\t\t\t<\/div>\n\t\t\t\t<\/div>\n\t\t\t\t<div class=\"elementor-element elementor-element-c70e264 elementor-widget__width-auto elementor-widget elementor-widget-pxl_list\" data-id=\"c70e264\" data-element_type=\"widget\" data-widget_type=\"pxl_list.default\">\n\t\t\t\t<div class=\"elementor-widget-container\">\n\t\t\t\t\t<div class=\"pxl-list pxl-list1 type-vertical \" data-wow-delay=\"ms\">\r\n    <div class=\"pxl--title \"> <\/div>\r\n    \r\n\r\n        <div class=\"pxl--item\">\r\n            <a >\r\n                                    <div class=\"pxl-item--icon pxl-mr-10 style-1\">\r\n                        <i aria-hidden=\"true\" class=\"fas fa-check\"><\/i>                    <\/div>\r\n                                <div class=\"pxl-item--text  el-empty\">\r\n                    <div class=\"pxl-item-text\">\r\n                       Committed To ESG Practices                   <\/div>\r\n                   <div class=\"pxl-sub-text\">\r\n                                    <\/div>\r\n            <\/div>\r\n        <\/a>\r\n    <\/div>\r\n\r\n\r\n        <div class=\"pxl--item\">\r\n            <a >\r\n                                    <div class=\"pxl-item--icon pxl-mr-10 style-1\">\r\n                        <i aria-hidden=\"true\" class=\"fas fa-check\"><\/i>                    <\/div>\r\n                                <div class=\"pxl-item--text  el-empty\">\r\n                    <div class=\"pxl-item-text\">\r\n                       M.S. in Computer Engineering, Networks and IT                   <\/div>\r\n                   <div class=\"pxl-sub-text\">\r\n                                    <\/div>\r\n            <\/div>\r\n        <\/a>\r\n    <\/div>\r\n\r\n\r\n        <div class=\"pxl--item\">\r\n            <a >\r\n                                    <div class=\"pxl-item--icon pxl-mr-10 style-1\">\r\n                        <i aria-hidden=\"true\" class=\"fas fa-check\"><\/i>                    <\/div>\r\n                                <div class=\"pxl-item--text  el-empty\">\r\n                    <div class=\"pxl-item-text\">\r\n                       Microsoft, AWS, Google Certified                   <\/div>\r\n                   <div class=\"pxl-sub-text\">\r\n                                    <\/div>\r\n            <\/div>\r\n        <\/a>\r\n    <\/div>\r\n<\/div>\r\n\t\t\t\t<\/div>\n\t\t\t\t<\/div>\n\t\t\t\t<div class=\"elementor-element elementor-element-17875284 elementor-widget elementor-widget-pxl_text_editor\" data-id=\"17875284\" data-element_type=\"widget\" data-widget_type=\"pxl_text_editor.default\">\n\t\t\t\t<div class=\"elementor-widget-container\">\n\t\t\t\t\t<div class=\"pxl-text-editor\">\n\t<div class=\"pxl-item--inner \" data-wow-delay=\"ms\">\n\t\t\t\t\n\t<\/div>\n<\/div>\t\t\t\t<\/div>\n\t\t\t\t<\/div>\n\t\t            <\/div>\r\n        <\/div>\r\n        \t\t\t<\/div>\n\t\t<\/section>\n\t\t            <\/div>\r\n        <\/div>\r\n        \t\t\t<\/div>\n\t\t<\/section>\n\t\t\t\t<\/div>\n\t\t","protected":false},"excerpt":{"rendered":"<p>Raul Moreno Jim\u00e9nez CISO, Grupo Fertiberia About Raul Moreno Jim\u00e9nez ***Computer Engineer, MBA from the Polytechnic University of Madrid, PMP Certified for more than 16 years, with more than 28 years of experience in technology. With extensive experience in international environments in countries such as Mexico, Colombia and Italy. In the last 15 years I [&hellip;]<\/p>\n","protected":false},"author":1,"featured_media":0,"parent":0,"menu_order":0,"comment_status":"closed","ping_status":"closed","template":"","meta":{"footnotes":""},"class_list":["post-17919","page","type-page","status-publish","hentry"],"yoast_head":"<!-- This site is optimized with the Yoast SEO plugin v26.2 - https:\/\/yoast.com\/wordpress\/plugins\/seo\/ -->\n<title>Raul Moreno Jim\u00e9nez<\/title>\n<meta name=\"description\" content=\"Raul Moreno Jim\u00e9nez CISO, Grupo Fertiberia About Raul Moreno Jim\u00e9nez ***Computer Engineer, MBA from the Polytechnic University of Madrid, PMP Certified\" \/>\n<meta name=\"robots\" content=\"index, follow, max-snippet:-1, max-image-preview:large, max-video-preview:-1\" \/>\n<link rel=\"canonical\" href=\"https:\/\/ciso-edge.com\/espana\/raul-moreno-jimenez-2\/\" \/>\n<meta property=\"og:locale\" content=\"en_GB\" \/>\n<meta property=\"og:type\" content=\"article\" \/>\n<meta property=\"og:title\" content=\"Raul Moreno Jim\u00e9nez\" \/>\n<meta property=\"og:description\" content=\"Raul Moreno Jim\u00e9nez CISO, Grupo Fertiberia About Raul Moreno Jim\u00e9nez ***Computer Engineer, MBA from the Polytechnic University of Madrid, PMP Certified\" \/>\n<meta property=\"og:url\" content=\"https:\/\/ciso-edge.com\/espana\/raul-moreno-jimenez-2\/\" \/>\n<meta property=\"og:site_name\" content=\"CISO Edge Espana\" \/>\n<meta property=\"article:modified_time\" content=\"2025-11-11T13:49:03+00:00\" \/>\n<meta property=\"og:image\" content=\"http:\/\/ciso-edge.com\/espana\/wp-content\/uploads\/2025\/10\/Raul-Moreno-Jimenez-431x561.jpeg\" \/>\n<meta name=\"twitter:card\" content=\"summary_large_image\" \/>\n<meta name=\"twitter:label1\" content=\"Estimated reading time\" \/>\n\t<meta name=\"twitter:data1\" content=\"1 minute\" \/>\n<script type=\"application\/ld+json\" class=\"yoast-schema-graph\">{\"@context\":\"https:\/\/schema.org\",\"@graph\":[{\"@type\":\"WebPage\",\"@id\":\"https:\/\/ciso-edge.com\/espana\/raul-moreno-jimenez-2\/\",\"url\":\"https:\/\/ciso-edge.com\/espana\/raul-moreno-jimenez-2\/\",\"name\":\"Raul Moreno Jim\u00e9nez\",\"isPartOf\":{\"@id\":\"https:\/\/ciso-edge.com\/espana\/#website\"},\"primaryImageOfPage\":{\"@id\":\"https:\/\/ciso-edge.com\/espana\/raul-moreno-jimenez-2\/#primaryimage\"},\"image\":{\"@id\":\"https:\/\/ciso-edge.com\/espana\/raul-moreno-jimenez-2\/#primaryimage\"},\"thumbnailUrl\":\"http:\/\/ciso-edge.com\/espana\/wp-content\/uploads\/2025\/10\/Raul-Moreno-Jimenez-431x561.jpeg\",\"datePublished\":\"2025-11-11T13:48:28+00:00\",\"dateModified\":\"2025-11-11T13:49:03+00:00\",\"description\":\"Raul Moreno Jim\u00e9nez CISO, Grupo Fertiberia About Raul Moreno Jim\u00e9nez ***Computer Engineer, MBA from the Polytechnic University of Madrid, PMP Certified\",\"breadcrumb\":{\"@id\":\"https:\/\/ciso-edge.com\/espana\/raul-moreno-jimenez-2\/#breadcrumb\"},\"inLanguage\":\"en-GB\",\"potentialAction\":[{\"@type\":\"ReadAction\",\"target\":[\"https:\/\/ciso-edge.com\/espana\/raul-moreno-jimenez-2\/\"]}]},{\"@type\":\"ImageObject\",\"inLanguage\":\"en-GB\",\"@id\":\"https:\/\/ciso-edge.com\/espana\/raul-moreno-jimenez-2\/#primaryimage\",\"url\":\"http:\/\/ciso-edge.com\/espana\/wp-content\/uploads\/2025\/10\/Raul-Moreno-Jimenez-431x561.jpeg\",\"contentUrl\":\"http:\/\/ciso-edge.com\/espana\/wp-content\/uploads\/2025\/10\/Raul-Moreno-Jimenez-431x561.jpeg\"},{\"@type\":\"BreadcrumbList\",\"@id\":\"https:\/\/ciso-edge.com\/espana\/raul-moreno-jimenez-2\/#breadcrumb\",\"itemListElement\":[{\"@type\":\"ListItem\",\"position\":1,\"name\":\"Home\",\"item\":\"https:\/\/ciso-edge.com\/espana\/\"},{\"@type\":\"ListItem\",\"position\":2,\"name\":\"Raul Moreno Jim\u00e9nez\"}]},{\"@type\":\"WebSite\",\"@id\":\"https:\/\/ciso-edge.com\/espana\/#website\",\"url\":\"https:\/\/ciso-edge.com\/espana\/\",\"name\":\"CIO Edge Espana\",\"description\":\"\",\"publisher\":{\"@id\":\"https:\/\/ciso-edge.com\/espana\/#organization\"},\"potentialAction\":[{\"@type\":\"SearchAction\",\"target\":{\"@type\":\"EntryPoint\",\"urlTemplate\":\"https:\/\/ciso-edge.com\/espana\/?s={search_term_string}\"},\"query-input\":{\"@type\":\"PropertyValueSpecification\",\"valueRequired\":true,\"valueName\":\"search_term_string\"}}],\"inLanguage\":\"en-GB\"},{\"@type\":\"Organization\",\"@id\":\"https:\/\/ciso-edge.com\/espana\/#organization\",\"name\":\"CIO Edge Espana\",\"url\":\"https:\/\/ciso-edge.com\/espana\/\",\"logo\":{\"@type\":\"ImageObject\",\"inLanguage\":\"en-GB\",\"@id\":\"https:\/\/ciso-edge.com\/espana\/#\/schema\/logo\/image\/\",\"url\":\"https:\/\/ciso-edge.com\/espana\/wp-content\/uploads\/2025\/09\/logo.png\",\"contentUrl\":\"https:\/\/ciso-edge.com\/espana\/wp-content\/uploads\/2025\/09\/logo.png\",\"width\":225,\"height\":47,\"caption\":\"CIO Edge Espana\"},\"image\":{\"@id\":\"https:\/\/ciso-edge.com\/espana\/#\/schema\/logo\/image\/\"}}]}<\/script>\n<!-- \/ Yoast SEO plugin. -->","yoast_head_json":{"title":"Raul Moreno Jim\u00e9nez","description":"Raul Moreno Jim\u00e9nez CISO, Grupo Fertiberia About Raul Moreno Jim\u00e9nez ***Computer Engineer, MBA from the Polytechnic University of Madrid, PMP Certified","robots":{"index":"index","follow":"follow","max-snippet":"max-snippet:-1","max-image-preview":"max-image-preview:large","max-video-preview":"max-video-preview:-1"},"canonical":"https:\/\/ciso-edge.com\/espana\/raul-moreno-jimenez-2\/","og_locale":"en_GB","og_type":"article","og_title":"Raul Moreno Jim\u00e9nez","og_description":"Raul Moreno Jim\u00e9nez CISO, Grupo Fertiberia About Raul Moreno Jim\u00e9nez ***Computer Engineer, MBA from the Polytechnic University of Madrid, PMP Certified","og_url":"https:\/\/ciso-edge.com\/espana\/raul-moreno-jimenez-2\/","og_site_name":"CISO Edge Espana","article_modified_time":"2025-11-11T13:49:03+00:00","og_image":[{"url":"http:\/\/ciso-edge.com\/espana\/wp-content\/uploads\/2025\/10\/Raul-Moreno-Jimenez-431x561.jpeg","type":"","width":"","height":""}],"twitter_card":"summary_large_image","twitter_misc":{"Estimated reading time":"1 minute"},"schema":{"@context":"https:\/\/schema.org","@graph":[{"@type":"WebPage","@id":"https:\/\/ciso-edge.com\/espana\/raul-moreno-jimenez-2\/","url":"https:\/\/ciso-edge.com\/espana\/raul-moreno-jimenez-2\/","name":"Raul Moreno Jim\u00e9nez","isPartOf":{"@id":"https:\/\/ciso-edge.com\/espana\/#website"},"primaryImageOfPage":{"@id":"https:\/\/ciso-edge.com\/espana\/raul-moreno-jimenez-2\/#primaryimage"},"image":{"@id":"https:\/\/ciso-edge.com\/espana\/raul-moreno-jimenez-2\/#primaryimage"},"thumbnailUrl":"http:\/\/ciso-edge.com\/espana\/wp-content\/uploads\/2025\/10\/Raul-Moreno-Jimenez-431x561.jpeg","datePublished":"2025-11-11T13:48:28+00:00","dateModified":"2025-11-11T13:49:03+00:00","description":"Raul Moreno Jim\u00e9nez CISO, Grupo Fertiberia About Raul Moreno Jim\u00e9nez ***Computer Engineer, MBA from the Polytechnic University of Madrid, PMP Certified","breadcrumb":{"@id":"https:\/\/ciso-edge.com\/espana\/raul-moreno-jimenez-2\/#breadcrumb"},"inLanguage":"en-GB","potentialAction":[{"@type":"ReadAction","target":["https:\/\/ciso-edge.com\/espana\/raul-moreno-jimenez-2\/"]}]},{"@type":"ImageObject","inLanguage":"en-GB","@id":"https:\/\/ciso-edge.com\/espana\/raul-moreno-jimenez-2\/#primaryimage","url":"http:\/\/ciso-edge.com\/espana\/wp-content\/uploads\/2025\/10\/Raul-Moreno-Jimenez-431x561.jpeg","contentUrl":"http:\/\/ciso-edge.com\/espana\/wp-content\/uploads\/2025\/10\/Raul-Moreno-Jimenez-431x561.jpeg"},{"@type":"BreadcrumbList","@id":"https:\/\/ciso-edge.com\/espana\/raul-moreno-jimenez-2\/#breadcrumb","itemListElement":[{"@type":"ListItem","position":1,"name":"Home","item":"https:\/\/ciso-edge.com\/espana\/"},{"@type":"ListItem","position":2,"name":"Raul Moreno Jim\u00e9nez"}]},{"@type":"WebSite","@id":"https:\/\/ciso-edge.com\/espana\/#website","url":"https:\/\/ciso-edge.com\/espana\/","name":"CIO Edge Espana","description":"","publisher":{"@id":"https:\/\/ciso-edge.com\/espana\/#organization"},"potentialAction":[{"@type":"SearchAction","target":{"@type":"EntryPoint","urlTemplate":"https:\/\/ciso-edge.com\/espana\/?s={search_term_string}"},"query-input":{"@type":"PropertyValueSpecification","valueRequired":true,"valueName":"search_term_string"}}],"inLanguage":"en-GB"},{"@type":"Organization","@id":"https:\/\/ciso-edge.com\/espana\/#organization","name":"CIO Edge Espana","url":"https:\/\/ciso-edge.com\/espana\/","logo":{"@type":"ImageObject","inLanguage":"en-GB","@id":"https:\/\/ciso-edge.com\/espana\/#\/schema\/logo\/image\/","url":"https:\/\/ciso-edge.com\/espana\/wp-content\/uploads\/2025\/09\/logo.png","contentUrl":"https:\/\/ciso-edge.com\/espana\/wp-content\/uploads\/2025\/09\/logo.png","width":225,"height":47,"caption":"CIO Edge Espana"},"image":{"@id":"https:\/\/ciso-edge.com\/espana\/#\/schema\/logo\/image\/"}}]}},"_hostinger_reach_plugin_has_subscription_block":false,"_hostinger_reach_plugin_is_elementor":false,"_links":{"self":[{"href":"https:\/\/ciso-edge.com\/espana\/wp-json\/wp\/v2\/pages\/17919","targetHints":{"allow":["GET"]}}],"collection":[{"href":"https:\/\/ciso-edge.com\/espana\/wp-json\/wp\/v2\/pages"}],"about":[{"href":"https:\/\/ciso-edge.com\/espana\/wp-json\/wp\/v2\/types\/page"}],"author":[{"embeddable":true,"href":"https:\/\/ciso-edge.com\/espana\/wp-json\/wp\/v2\/users\/1"}],"replies":[{"embeddable":true,"href":"https:\/\/ciso-edge.com\/espana\/wp-json\/wp\/v2\/comments?post=17919"}],"version-history":[{"count":4,"href":"https:\/\/ciso-edge.com\/espana\/wp-json\/wp\/v2\/pages\/17919\/revisions"}],"predecessor-version":[{"id":17923,"href":"https:\/\/ciso-edge.com\/espana\/wp-json\/wp\/v2\/pages\/17919\/revisions\/17923"}],"wp:attachment":[{"href":"https:\/\/ciso-edge.com\/espana\/wp-json\/wp\/v2\/media?parent=17919"}],"curies":[{"name":"wp","href":"https:\/\/api.w.org\/{rel}","templated":true}]}}