{"id":17914,"date":"2025-11-11T13:46:42","date_gmt":"2025-11-11T13:46:42","guid":{"rendered":"https:\/\/ciso-edge.com\/espana\/?page_id=17914"},"modified":"2025-11-11T13:47:31","modified_gmt":"2025-11-11T13:47:31","slug":"jesus-alonso-murillo","status":"publish","type":"page","link":"https:\/\/ciso-edge.com\/espana\/jesus-alonso-murillo\/","title":{"rendered":"Jes\u00fas Alonso Murillo"},"content":{"rendered":"\t\t<div data-elementor-type=\"wp-page\" data-elementor-id=\"17914\" class=\"elementor elementor-17914\">\n\t\t\t\t        <section class=\"elementor-section elementor-top-section elementor-element elementor-element-15443db4 elementor-section-boxed elementor-section-height-default elementor-section-height-default pxl-row-scroll-none pxl-section-overflow-visible pxl-bg-color-none pxl-section-overlay-none\" data-id=\"15443db4\" data-element_type=\"section\">\n\n                \n                <div class=\"elementor-container elementor-column-gap-default \">\n                <div class=\"elementor-column elementor-col-100 elementor-top-column elementor-element elementor-element-30a9411c pxl-column-none pxl-column-overflow-hidden-no\" data-id=\"30a9411c\" data-element_type=\"column\">\r\n        <div class=\"elementor-widget-wrap elementor-element-populated\">\r\n                     \r\n                <section class=\"elementor-section elementor-inner-section elementor-element elementor-element-2bbc096d elementor-section-boxed elementor-section-height-default elementor-section-height-default pxl-row-scroll-none pxl-section-overflow-visible pxl-bg-color-none pxl-section-overlay-none\" data-id=\"2bbc096d\" data-element_type=\"section\">\n\n                \n                <div class=\"elementor-container elementor-column-gap-extended \">\n                <div class=\"elementor-column elementor-col-50 elementor-inner-column elementor-element elementor-element-47f58843 pxl-column-none pxl-column-overflow-hidden-no\" data-id=\"47f58843\" data-element_type=\"column\">\r\n        <div class=\"elementor-widget-wrap elementor-element-populated\">\r\n                     \r\n        \t\t<div class=\"elementor-element elementor-element-74212e31 elementor-widget elementor-widget-pxl_image\" data-id=\"74212e31\" data-element_type=\"widget\" data-widget_type=\"pxl_image.default\">\n\t\t\t\t<div class=\"elementor-widget-container\">\n\t\t\t\t\t<div id=\"pxl_image-74212e31-4515\" class=\"pxl-image-single  style-default  style-hover-default\" data-wow-delay=\"ms\"  >\r\n    <div class=\"pxl-item--inner \" data-wow-delay=\"120ms\">\r\n        \r\n                    <div class=\"pxl-item--image\" data-parallax-value=\"\">\r\n                                <img fetchpriority=\"high\" decoding=\"async\" class=\"no-lazyload \" src=\"https:\/\/ciso-edge.com\/espana\/wp-content\/uploads\/2025\/09\/Jesus-Alonso-Murillo.jpeg\" width=\"400\" height=\"400\" alt=\"Jesus Alonso Murillo\" title=\"Jesus Alonso Murillo\" \/>                            <\/div>\r\n            \r\n        <div class=\"btn-image\">\r\n                                                    <\/div>\r\n    <\/div>\r\n<\/div>\t\t\t\t<\/div>\n\t\t\t\t<\/div>\n\t\t\t\t<div class=\"elementor-element elementor-element-db7b815 elementor-widget elementor-widget-pxl_heading\" data-id=\"db7b815\" data-element_type=\"widget\" data-widget_type=\"pxl_heading.default\">\n\t\t\t\t<div class=\"elementor-widget-container\">\n\t\t\t\t\t<div id=\"pxl-pxl_heading-db7b815-6426\" class=\"pxl-heading pxl-heading--tcustom\">\n\t<div class=\"pxl-heading--inner\">\n\n\t\t\n\t<h3 class=\"pxl-item--title   pxl-color-style-1 \" data-wow-delay=\"ms\">\n\n\n\tJes\u00fas Alonso Murillo\t\t\t\n\t<\/h3>\n\n<\/div>\n<\/div>\t\t\t\t<\/div>\n\t\t\t\t<\/div>\n\t\t\t\t<div class=\"elementor-element elementor-element-5ea82cee elementor-widget elementor-widget-pxl_text_editor\" data-id=\"5ea82cee\" data-element_type=\"widget\" data-widget_type=\"pxl_text_editor.default\">\n\t\t\t\t<div class=\"elementor-widget-container\">\n\t\t\t\t\t<div class=\"pxl-text-editor\">\n\t<div class=\"pxl-item--inner \" data-wow-delay=\"ms\">\n\t\t<div class=\"pxl-item--position\">Group CISO<\/div>\t\t\n\t<\/div>\n<\/div>\t\t\t\t<\/div>\n\t\t\t\t<\/div>\n\t\t            <\/div>\r\n        <\/div>\r\n                <div class=\"elementor-column elementor-col-50 elementor-inner-column elementor-element elementor-element-33282ad5 pxl-column-none pxl-column-overflow-hidden-no\" data-id=\"33282ad5\" data-element_type=\"column\">\r\n        <div class=\"elementor-widget-wrap elementor-element-populated\">\r\n                     \r\n        \t\t<div class=\"elementor-element elementor-element-3b393200 elementor-widget elementor-widget-pxl_heading\" data-id=\"3b393200\" data-element_type=\"widget\" data-widget_type=\"pxl_heading.default\">\n\t\t\t\t<div class=\"elementor-widget-container\">\n\t\t\t\t\t<div id=\"pxl-pxl_heading-3b393200-7948\" class=\"pxl-heading pxl-heading--tcustom\">\n\t<div class=\"pxl-heading--inner\">\n\n\t\t\n\t<h3 class=\"pxl-item--title   pxl-color-style-1 \" data-wow-delay=\"ms\">\n\n\n\tAbout Jes\u00fas Alonso Murillo\t\t\t\n\t<\/h3>\n\n<\/div>\n<\/div>\t\t\t\t<\/div>\n\t\t\t\t<\/div>\n\t\t\t\t<div class=\"elementor-element elementor-element-23e5ec33 elementor-widget elementor-widget-pxl_text_editor\" data-id=\"23e5ec33\" data-element_type=\"widget\" data-widget_type=\"pxl_text_editor.default\">\n\t\t\t\t<div class=\"elementor-widget-container\">\n\t\t\t\t\t<div class=\"pxl-text-editor\">\n\t<div class=\"pxl-item--inner \" data-wow-delay=\"ms\">\n\t\t<p>***Computer Engineer, MBA from the Polytechnic University of Madrid, PMP Certified for more than 16 years, with more than 28 years of experience in technology. With extensive experience in international environments in countries such as Mexico, Colombia and Italy. In the last 15 years I have held positions such as: Director of production of technological services in SATEC. European Technology Director at CODERE CIO at Berg\u00e9. These positions allow me to have a wide experience in business transformation through digital transformation. In addition to a great experience in designing and leading strategic plans involving technological renewals and process optimisation. With a clear focus on automation, digitalisation and sustainable technologies.<\/p><p>In my current position as CIO of Berge, I lead the technological and cultural transformation of the company, with projects of profound transformation in the business model and the implementation of innovative technologies in the port sector in which Berg\u00e9 operates.<\/p>\t\t\n\t<\/div>\n<\/div>\t\t\t\t<\/div>\n\t\t\t\t<\/div>\n\t\t\t\t<div class=\"elementor-element elementor-element-1ff361bf elementor-widget__width-auto elementor-widget-mobile__width-auto elementor-widget elementor-widget-pxl_list\" data-id=\"1ff361bf\" data-element_type=\"widget\" data-widget_type=\"pxl_list.default\">\n\t\t\t\t<div class=\"elementor-widget-container\">\n\t\t\t\t\t<div class=\"pxl-list pxl-list1 type-vertical \" data-wow-delay=\"ms\">\r\n    <div class=\"pxl--title \"> <\/div>\r\n    \r\n\r\n        <div class=\"pxl--item\">\r\n            <a >\r\n                                    <div class=\"pxl-item--icon pxl-mr-10 style-1\">\r\n                        <i aria-hidden=\"true\" class=\"fas fa-check\"><\/i>                    <\/div>\r\n                                <div class=\"pxl-item--text  el-empty\">\r\n                    <div class=\"pxl-item-text\">\r\n                       27 Years In IT Leadership                   <\/div>\r\n                   <div class=\"pxl-sub-text\">\r\n                                    <\/div>\r\n            <\/div>\r\n        <\/a>\r\n    <\/div>\r\n\r\n\r\n        <div class=\"pxl--item\">\r\n            <a >\r\n                                    <div class=\"pxl-item--icon pxl-mr-10 style-1\">\r\n                        <i aria-hidden=\"true\" class=\"fas fa-check\"><\/i>                    <\/div>\r\n                                <div class=\"pxl-item--text  el-empty\">\r\n                    <div class=\"pxl-item-text\">\r\n                       2 Years As CIO At Grupo Petropolis                   <\/div>\r\n                   <div class=\"pxl-sub-text\">\r\n                                    <\/div>\r\n            <\/div>\r\n        <\/a>\r\n    <\/div>\r\n\r\n\r\n        <div class=\"pxl--item\">\r\n            <a >\r\n                                    <div class=\"pxl-item--icon pxl-mr-10 style-1\">\r\n                        <i aria-hidden=\"true\" class=\"fas fa-check\"><\/i>                    <\/div>\r\n                                <div class=\"pxl-item--text  el-empty\">\r\n                    <div class=\"pxl-item-text\">\r\n                       2 Years As CIO At Jamef Encomendas Urgentes                    <\/div>\r\n                   <div class=\"pxl-sub-text\">\r\n                                    <\/div>\r\n            <\/div>\r\n        <\/a>\r\n    <\/div>\r\n<\/div>\r\n\t\t\t\t<\/div>\n\t\t\t\t<\/div>\n\t\t\t\t<div class=\"elementor-element elementor-element-62a78dea elementor-widget__width-auto elementor-widget elementor-widget-pxl_list\" data-id=\"62a78dea\" data-element_type=\"widget\" data-widget_type=\"pxl_list.default\">\n\t\t\t\t<div class=\"elementor-widget-container\">\n\t\t\t\t\t<div class=\"pxl-list pxl-list1 type-vertical \" data-wow-delay=\"ms\">\r\n    <div class=\"pxl--title \"> <\/div>\r\n    \r\n\r\n        <div class=\"pxl--item\">\r\n            <a >\r\n                                    <div class=\"pxl-item--icon pxl-mr-10 style-1\">\r\n                        <i aria-hidden=\"true\" class=\"fas fa-check\"><\/i>                    <\/div>\r\n                                <div class=\"pxl-item--text  el-empty\">\r\n                    <div class=\"pxl-item-text\">\r\n                       Committed To ESG Practices                   <\/div>\r\n                   <div class=\"pxl-sub-text\">\r\n                                    <\/div>\r\n            <\/div>\r\n        <\/a>\r\n    <\/div>\r\n\r\n\r\n        <div class=\"pxl--item\">\r\n            <a >\r\n                                    <div class=\"pxl-item--icon pxl-mr-10 style-1\">\r\n                        <i aria-hidden=\"true\" class=\"fas fa-check\"><\/i>                    <\/div>\r\n                                <div class=\"pxl-item--text  el-empty\">\r\n                    <div class=\"pxl-item-text\">\r\n                       M.S. in Computer Engineering, Networks and IT                   <\/div>\r\n                   <div class=\"pxl-sub-text\">\r\n                                    <\/div>\r\n            <\/div>\r\n        <\/a>\r\n    <\/div>\r\n\r\n\r\n        <div class=\"pxl--item\">\r\n            <a >\r\n                                    <div class=\"pxl-item--icon pxl-mr-10 style-1\">\r\n                        <i aria-hidden=\"true\" class=\"fas fa-check\"><\/i>                    <\/div>\r\n                                <div class=\"pxl-item--text  el-empty\">\r\n                    <div class=\"pxl-item-text\">\r\n                       Microsoft, AWS, Google Certified                   <\/div>\r\n                   <div class=\"pxl-sub-text\">\r\n                                    <\/div>\r\n            <\/div>\r\n        <\/a>\r\n    <\/div>\r\n<\/div>\r\n\t\t\t\t<\/div>\n\t\t\t\t<\/div>\n\t\t\t\t<div class=\"elementor-element elementor-element-19f07f52 elementor-widget elementor-widget-pxl_text_editor\" data-id=\"19f07f52\" data-element_type=\"widget\" data-widget_type=\"pxl_text_editor.default\">\n\t\t\t\t<div class=\"elementor-widget-container\">\n\t\t\t\t\t<div class=\"pxl-text-editor\">\n\t<div class=\"pxl-item--inner \" data-wow-delay=\"ms\">\n\t\t\t\t\n\t<\/div>\n<\/div>\t\t\t\t<\/div>\n\t\t\t\t<\/div>\n\t\t            <\/div>\r\n        <\/div>\r\n        \t\t\t<\/div>\n\t\t<\/section>\n\t\t            <\/div>\r\n        <\/div>\r\n        \t\t\t<\/div>\n\t\t<\/section>\n\t\t\t\t<\/div>\n\t\t","protected":false},"excerpt":{"rendered":"<p>Jes\u00fas Alonso Murillo Group CISO About Jes\u00fas Alonso Murillo ***Computer Engineer, MBA from the Polytechnic University of Madrid, PMP Certified for more than 16 years, with more than 28 years of experience in technology. With extensive experience in international environments in countries such as Mexico, Colombia and Italy. In the last 15 years I have [&hellip;]<\/p>\n","protected":false},"author":1,"featured_media":0,"parent":0,"menu_order":0,"comment_status":"closed","ping_status":"closed","template":"","meta":{"footnotes":""},"class_list":["post-17914","page","type-page","status-publish","hentry"],"yoast_head":"<!-- This site is optimized with the Yoast SEO plugin v26.2 - https:\/\/yoast.com\/wordpress\/plugins\/seo\/ -->\n<title>Jes\u00fas Alonso Murillo<\/title>\n<meta name=\"description\" content=\"Jes\u00fas Alonso Murillo Group CISO About Jes\u00fas Alonso Murillo ***Computer Engineer, MBA from the Polytechnic University of Madrid, PMP Certified for more\" \/>\n<meta name=\"robots\" content=\"index, follow, max-snippet:-1, max-image-preview:large, max-video-preview:-1\" \/>\n<link rel=\"canonical\" href=\"https:\/\/ciso-edge.com\/espana\/jesus-alonso-murillo\/\" \/>\n<meta property=\"og:locale\" content=\"en_GB\" \/>\n<meta property=\"og:type\" content=\"article\" \/>\n<meta property=\"og:title\" content=\"Jes\u00fas Alonso Murillo\" \/>\n<meta property=\"og:description\" content=\"Jes\u00fas Alonso Murillo Group CISO About Jes\u00fas Alonso Murillo ***Computer Engineer, MBA from the Polytechnic University of Madrid, PMP Certified for more\" \/>\n<meta property=\"og:url\" content=\"https:\/\/ciso-edge.com\/espana\/jesus-alonso-murillo\/\" \/>\n<meta property=\"og:site_name\" content=\"CISO Edge Espana\" \/>\n<meta property=\"article:modified_time\" content=\"2025-11-11T13:47:31+00:00\" \/>\n<meta property=\"og:image\" content=\"http:\/\/ciso-edge.com\/espana\/wp-content\/uploads\/2025\/09\/Jesus-Alonso-Murillo.jpeg\" \/>\n<meta name=\"twitter:card\" content=\"summary_large_image\" \/>\n<meta name=\"twitter:label1\" content=\"Estimated reading time\" \/>\n\t<meta name=\"twitter:data1\" content=\"1 minute\" \/>\n<script type=\"application\/ld+json\" class=\"yoast-schema-graph\">{\"@context\":\"https:\/\/schema.org\",\"@graph\":[{\"@type\":\"WebPage\",\"@id\":\"https:\/\/ciso-edge.com\/espana\/jesus-alonso-murillo\/\",\"url\":\"https:\/\/ciso-edge.com\/espana\/jesus-alonso-murillo\/\",\"name\":\"Jes\u00fas Alonso Murillo\",\"isPartOf\":{\"@id\":\"https:\/\/ciso-edge.com\/espana\/#website\"},\"primaryImageOfPage\":{\"@id\":\"https:\/\/ciso-edge.com\/espana\/jesus-alonso-murillo\/#primaryimage\"},\"image\":{\"@id\":\"https:\/\/ciso-edge.com\/espana\/jesus-alonso-murillo\/#primaryimage\"},\"thumbnailUrl\":\"http:\/\/ciso-edge.com\/espana\/wp-content\/uploads\/2025\/09\/Jesus-Alonso-Murillo.jpeg\",\"datePublished\":\"2025-11-11T13:46:42+00:00\",\"dateModified\":\"2025-11-11T13:47:31+00:00\",\"description\":\"Jes\u00fas Alonso Murillo Group CISO About Jes\u00fas Alonso Murillo ***Computer Engineer, MBA from the Polytechnic University of Madrid, PMP Certified for more\",\"breadcrumb\":{\"@id\":\"https:\/\/ciso-edge.com\/espana\/jesus-alonso-murillo\/#breadcrumb\"},\"inLanguage\":\"en-GB\",\"potentialAction\":[{\"@type\":\"ReadAction\",\"target\":[\"https:\/\/ciso-edge.com\/espana\/jesus-alonso-murillo\/\"]}]},{\"@type\":\"ImageObject\",\"inLanguage\":\"en-GB\",\"@id\":\"https:\/\/ciso-edge.com\/espana\/jesus-alonso-murillo\/#primaryimage\",\"url\":\"https:\/\/ciso-edge.com\/espana\/wp-content\/uploads\/2025\/09\/Jesus-Alonso-Murillo.jpeg\",\"contentUrl\":\"https:\/\/ciso-edge.com\/espana\/wp-content\/uploads\/2025\/09\/Jesus-Alonso-Murillo.jpeg\",\"width\":400,\"height\":400},{\"@type\":\"BreadcrumbList\",\"@id\":\"https:\/\/ciso-edge.com\/espana\/jesus-alonso-murillo\/#breadcrumb\",\"itemListElement\":[{\"@type\":\"ListItem\",\"position\":1,\"name\":\"Home\",\"item\":\"https:\/\/ciso-edge.com\/espana\/\"},{\"@type\":\"ListItem\",\"position\":2,\"name\":\"Jes\u00fas Alonso Murillo\"}]},{\"@type\":\"WebSite\",\"@id\":\"https:\/\/ciso-edge.com\/espana\/#website\",\"url\":\"https:\/\/ciso-edge.com\/espana\/\",\"name\":\"CIO Edge Espana\",\"description\":\"\",\"publisher\":{\"@id\":\"https:\/\/ciso-edge.com\/espana\/#organization\"},\"potentialAction\":[{\"@type\":\"SearchAction\",\"target\":{\"@type\":\"EntryPoint\",\"urlTemplate\":\"https:\/\/ciso-edge.com\/espana\/?s={search_term_string}\"},\"query-input\":{\"@type\":\"PropertyValueSpecification\",\"valueRequired\":true,\"valueName\":\"search_term_string\"}}],\"inLanguage\":\"en-GB\"},{\"@type\":\"Organization\",\"@id\":\"https:\/\/ciso-edge.com\/espana\/#organization\",\"name\":\"CIO Edge Espana\",\"url\":\"https:\/\/ciso-edge.com\/espana\/\",\"logo\":{\"@type\":\"ImageObject\",\"inLanguage\":\"en-GB\",\"@id\":\"https:\/\/ciso-edge.com\/espana\/#\/schema\/logo\/image\/\",\"url\":\"https:\/\/ciso-edge.com\/espana\/wp-content\/uploads\/2025\/09\/logo.png\",\"contentUrl\":\"https:\/\/ciso-edge.com\/espana\/wp-content\/uploads\/2025\/09\/logo.png\",\"width\":225,\"height\":47,\"caption\":\"CIO Edge Espana\"},\"image\":{\"@id\":\"https:\/\/ciso-edge.com\/espana\/#\/schema\/logo\/image\/\"}}]}<\/script>\n<!-- \/ Yoast SEO plugin. -->","yoast_head_json":{"title":"Jes\u00fas Alonso Murillo","description":"Jes\u00fas Alonso Murillo Group CISO About Jes\u00fas Alonso Murillo ***Computer Engineer, MBA from the Polytechnic University of Madrid, PMP Certified for more","robots":{"index":"index","follow":"follow","max-snippet":"max-snippet:-1","max-image-preview":"max-image-preview:large","max-video-preview":"max-video-preview:-1"},"canonical":"https:\/\/ciso-edge.com\/espana\/jesus-alonso-murillo\/","og_locale":"en_GB","og_type":"article","og_title":"Jes\u00fas Alonso Murillo","og_description":"Jes\u00fas Alonso Murillo Group CISO About Jes\u00fas Alonso Murillo ***Computer Engineer, MBA from the Polytechnic University of Madrid, PMP Certified for more","og_url":"https:\/\/ciso-edge.com\/espana\/jesus-alonso-murillo\/","og_site_name":"CISO Edge Espana","article_modified_time":"2025-11-11T13:47:31+00:00","og_image":[{"url":"http:\/\/ciso-edge.com\/espana\/wp-content\/uploads\/2025\/09\/Jesus-Alonso-Murillo.jpeg","type":"","width":"","height":""}],"twitter_card":"summary_large_image","twitter_misc":{"Estimated reading time":"1 minute"},"schema":{"@context":"https:\/\/schema.org","@graph":[{"@type":"WebPage","@id":"https:\/\/ciso-edge.com\/espana\/jesus-alonso-murillo\/","url":"https:\/\/ciso-edge.com\/espana\/jesus-alonso-murillo\/","name":"Jes\u00fas Alonso Murillo","isPartOf":{"@id":"https:\/\/ciso-edge.com\/espana\/#website"},"primaryImageOfPage":{"@id":"https:\/\/ciso-edge.com\/espana\/jesus-alonso-murillo\/#primaryimage"},"image":{"@id":"https:\/\/ciso-edge.com\/espana\/jesus-alonso-murillo\/#primaryimage"},"thumbnailUrl":"http:\/\/ciso-edge.com\/espana\/wp-content\/uploads\/2025\/09\/Jesus-Alonso-Murillo.jpeg","datePublished":"2025-11-11T13:46:42+00:00","dateModified":"2025-11-11T13:47:31+00:00","description":"Jes\u00fas Alonso Murillo Group CISO About Jes\u00fas Alonso Murillo ***Computer Engineer, MBA from the Polytechnic University of Madrid, PMP Certified for more","breadcrumb":{"@id":"https:\/\/ciso-edge.com\/espana\/jesus-alonso-murillo\/#breadcrumb"},"inLanguage":"en-GB","potentialAction":[{"@type":"ReadAction","target":["https:\/\/ciso-edge.com\/espana\/jesus-alonso-murillo\/"]}]},{"@type":"ImageObject","inLanguage":"en-GB","@id":"https:\/\/ciso-edge.com\/espana\/jesus-alonso-murillo\/#primaryimage","url":"https:\/\/ciso-edge.com\/espana\/wp-content\/uploads\/2025\/09\/Jesus-Alonso-Murillo.jpeg","contentUrl":"https:\/\/ciso-edge.com\/espana\/wp-content\/uploads\/2025\/09\/Jesus-Alonso-Murillo.jpeg","width":400,"height":400},{"@type":"BreadcrumbList","@id":"https:\/\/ciso-edge.com\/espana\/jesus-alonso-murillo\/#breadcrumb","itemListElement":[{"@type":"ListItem","position":1,"name":"Home","item":"https:\/\/ciso-edge.com\/espana\/"},{"@type":"ListItem","position":2,"name":"Jes\u00fas Alonso Murillo"}]},{"@type":"WebSite","@id":"https:\/\/ciso-edge.com\/espana\/#website","url":"https:\/\/ciso-edge.com\/espana\/","name":"CIO Edge Espana","description":"","publisher":{"@id":"https:\/\/ciso-edge.com\/espana\/#organization"},"potentialAction":[{"@type":"SearchAction","target":{"@type":"EntryPoint","urlTemplate":"https:\/\/ciso-edge.com\/espana\/?s={search_term_string}"},"query-input":{"@type":"PropertyValueSpecification","valueRequired":true,"valueName":"search_term_string"}}],"inLanguage":"en-GB"},{"@type":"Organization","@id":"https:\/\/ciso-edge.com\/espana\/#organization","name":"CIO Edge Espana","url":"https:\/\/ciso-edge.com\/espana\/","logo":{"@type":"ImageObject","inLanguage":"en-GB","@id":"https:\/\/ciso-edge.com\/espana\/#\/schema\/logo\/image\/","url":"https:\/\/ciso-edge.com\/espana\/wp-content\/uploads\/2025\/09\/logo.png","contentUrl":"https:\/\/ciso-edge.com\/espana\/wp-content\/uploads\/2025\/09\/logo.png","width":225,"height":47,"caption":"CIO Edge Espana"},"image":{"@id":"https:\/\/ciso-edge.com\/espana\/#\/schema\/logo\/image\/"}}]}},"_hostinger_reach_plugin_has_subscription_block":false,"_hostinger_reach_plugin_is_elementor":false,"_links":{"self":[{"href":"https:\/\/ciso-edge.com\/espana\/wp-json\/wp\/v2\/pages\/17914","targetHints":{"allow":["GET"]}}],"collection":[{"href":"https:\/\/ciso-edge.com\/espana\/wp-json\/wp\/v2\/pages"}],"about":[{"href":"https:\/\/ciso-edge.com\/espana\/wp-json\/wp\/v2\/types\/page"}],"author":[{"embeddable":true,"href":"https:\/\/ciso-edge.com\/espana\/wp-json\/wp\/v2\/users\/1"}],"replies":[{"embeddable":true,"href":"https:\/\/ciso-edge.com\/espana\/wp-json\/wp\/v2\/comments?post=17914"}],"version-history":[{"count":4,"href":"https:\/\/ciso-edge.com\/espana\/wp-json\/wp\/v2\/pages\/17914\/revisions"}],"predecessor-version":[{"id":17918,"href":"https:\/\/ciso-edge.com\/espana\/wp-json\/wp\/v2\/pages\/17914\/revisions\/17918"}],"wp:attachment":[{"href":"https:\/\/ciso-edge.com\/espana\/wp-json\/wp\/v2\/media?parent=17914"}],"curies":[{"name":"wp","href":"https:\/\/api.w.org\/{rel}","templated":true}]}}