{"id":17900,"date":"2025-11-11T13:41:00","date_gmt":"2025-11-11T13:41:00","guid":{"rendered":"https:\/\/ciso-edge.com\/espana\/?page_id=17900"},"modified":"2025-11-11T13:44:34","modified_gmt":"2025-11-11T13:44:34","slug":"jesus-valverde-romero","status":"publish","type":"page","link":"https:\/\/ciso-edge.com\/espana\/jesus-valverde-romero\/","title":{"rendered":"Jes\u00fas Valverde Romero"},"content":{"rendered":"\t\t<div data-elementor-type=\"wp-page\" data-elementor-id=\"17900\" class=\"elementor elementor-17900\">\n\t\t\t\t        <section class=\"elementor-section elementor-top-section elementor-element elementor-element-1e3e632e elementor-section-boxed elementor-section-height-default elementor-section-height-default pxl-row-scroll-none pxl-section-overflow-visible pxl-bg-color-none pxl-section-overlay-none\" data-id=\"1e3e632e\" data-element_type=\"section\">\n\n                \n                <div class=\"elementor-container elementor-column-gap-default \">\n                <div class=\"elementor-column elementor-col-100 elementor-top-column elementor-element elementor-element-2d40f759 pxl-column-none pxl-column-overflow-hidden-no\" data-id=\"2d40f759\" data-element_type=\"column\">\r\n        <div class=\"elementor-widget-wrap elementor-element-populated\">\r\n                     \r\n                <section class=\"elementor-section elementor-inner-section elementor-element elementor-element-394822d2 elementor-section-boxed elementor-section-height-default elementor-section-height-default pxl-row-scroll-none pxl-section-overflow-visible pxl-bg-color-none pxl-section-overlay-none\" data-id=\"394822d2\" data-element_type=\"section\">\n\n                \n                <div class=\"elementor-container elementor-column-gap-extended \">\n                <div class=\"elementor-column elementor-col-50 elementor-inner-column elementor-element elementor-element-69d3cd64 pxl-column-none pxl-column-overflow-hidden-no\" data-id=\"69d3cd64\" data-element_type=\"column\">\r\n        <div class=\"elementor-widget-wrap elementor-element-populated\">\r\n                     \r\n        \t\t<div class=\"elementor-element elementor-element-365a4680 elementor-widget elementor-widget-pxl_image\" data-id=\"365a4680\" data-element_type=\"widget\" data-widget_type=\"pxl_image.default\">\n\t\t\t\t<div class=\"elementor-widget-container\">\n\t\t\t\t\t<div id=\"pxl_image-365a4680-3833\" class=\"pxl-image-single  style-default  style-hover-default\" data-wow-delay=\"ms\"  >\r\n    <div class=\"pxl-item--inner \" data-wow-delay=\"120ms\">\r\n        \r\n                    <div class=\"pxl-item--image\" data-parallax-value=\"\">\r\n                                <img fetchpriority=\"high\" decoding=\"async\" class=\"no-lazyload \" src=\"https:\/\/ciso-edge.com\/espana\/wp-content\/uploads\/2025\/09\/Jesus-Valverde-Romero.jpeg\" width=\"400\" height=\"400\" alt=\"Jes\u00fas Valverde Romero\" title=\"Jes\u00fas Valverde Romero\" \/>                            <\/div>\r\n            \r\n        <div class=\"btn-image\">\r\n                                                    <\/div>\r\n    <\/div>\r\n<\/div>\t\t\t\t<\/div>\n\t\t\t\t<\/div>\n\t\t\t\t<div class=\"elementor-element elementor-element-5c0491c2 elementor-widget elementor-widget-pxl_heading\" data-id=\"5c0491c2\" data-element_type=\"widget\" data-widget_type=\"pxl_heading.default\">\n\t\t\t\t<div class=\"elementor-widget-container\">\n\t\t\t\t\t<div id=\"pxl-pxl_heading-5c0491c2-5832\" class=\"pxl-heading pxl-heading--tcustom\">\n\t<div class=\"pxl-heading--inner\">\n\n\t\t\n\t<h3 class=\"pxl-item--title   pxl-color-style-1 \" data-wow-delay=\"ms\">\n\n\n\tJes\u00fas Valverde Romero\t\t\t\n\t<\/h3>\n\n<\/div>\n<\/div>\t\t\t\t<\/div>\n\t\t\t\t<\/div>\n\t\t\t\t<div class=\"elementor-element elementor-element-5ca30dfe elementor-widget elementor-widget-pxl_text_editor\" data-id=\"5ca30dfe\" data-element_type=\"widget\" data-widget_type=\"pxl_text_editor.default\">\n\t\t\t\t<div class=\"elementor-widget-container\">\n\t\t\t\t\t<div class=\"pxl-text-editor\">\n\t<div class=\"pxl-item--inner \" data-wow-delay=\"ms\">\n\t\t<p>CISO, SEGIPSA &#8211; Sociedad Mercantil Estatal de Gesti\u00f3n Inmobiliaria de Patrimonio<\/p>\t\t\n\t<\/div>\n<\/div>\t\t\t\t<\/div>\n\t\t\t\t<\/div>\n\t\t            <\/div>\r\n        <\/div>\r\n                <div class=\"elementor-column elementor-col-50 elementor-inner-column elementor-element elementor-element-1a3b540d pxl-column-none pxl-column-overflow-hidden-no\" data-id=\"1a3b540d\" data-element_type=\"column\">\r\n        <div class=\"elementor-widget-wrap elementor-element-populated\">\r\n                     \r\n        \t\t<div class=\"elementor-element elementor-element-1946f8d9 elementor-widget elementor-widget-pxl_heading\" data-id=\"1946f8d9\" data-element_type=\"widget\" data-widget_type=\"pxl_heading.default\">\n\t\t\t\t<div class=\"elementor-widget-container\">\n\t\t\t\t\t<div id=\"pxl-pxl_heading-1946f8d9-3014\" class=\"pxl-heading pxl-heading--tcustom\">\n\t<div class=\"pxl-heading--inner\">\n\n\t\t\n\t<h3 class=\"pxl-item--title   pxl-color-style-1 \" data-wow-delay=\"ms\">\n\n\n\tAbout Jes\u00fas Valverde Romero\t\t\t\n\t<\/h3>\n\n<\/div>\n<\/div>\t\t\t\t<\/div>\n\t\t\t\t<\/div>\n\t\t\t\t<div class=\"elementor-element elementor-element-6fb99bb2 elementor-widget elementor-widget-pxl_text_editor\" data-id=\"6fb99bb2\" data-element_type=\"widget\" data-widget_type=\"pxl_text_editor.default\">\n\t\t\t\t<div class=\"elementor-widget-container\">\n\t\t\t\t\t<div class=\"pxl-text-editor\">\n\t<div class=\"pxl-item--inner \" data-wow-delay=\"ms\">\n\t\t<p>***Computer Engineer, MBA from the Polytechnic University of Madrid, PMP Certified for more than 16 years, with more than 28 years of experience in technology. With extensive experience in international environments in countries such as Mexico, Colombia and Italy. In the last 15 years I have held positions such as: Director of production of technological services in SATEC. European Technology Director at CODERE CIO at Berg\u00e9. These positions allow me to have a wide experience in business transformation through digital transformation. In addition to a great experience in designing and leading strategic plans involving technological renewals and process optimisation. With a clear focus on automation, digitalisation and sustainable technologies.<\/p><p>In my current position as CIO of Berge, I lead the technological and cultural transformation of the company, with projects of profound transformation in the business model and the implementation of innovative technologies in the port sector in which Berg\u00e9 operates.<\/p>\t\t\n\t<\/div>\n<\/div>\t\t\t\t<\/div>\n\t\t\t\t<\/div>\n\t\t\t\t<div class=\"elementor-element elementor-element-63b94c17 elementor-widget__width-auto elementor-widget-mobile__width-auto elementor-widget elementor-widget-pxl_list\" data-id=\"63b94c17\" data-element_type=\"widget\" data-widget_type=\"pxl_list.default\">\n\t\t\t\t<div class=\"elementor-widget-container\">\n\t\t\t\t\t<div class=\"pxl-list pxl-list1 type-vertical \" data-wow-delay=\"ms\">\r\n    <div class=\"pxl--title \"> <\/div>\r\n    \r\n\r\n        <div class=\"pxl--item\">\r\n            <a >\r\n                                    <div class=\"pxl-item--icon pxl-mr-10 style-1\">\r\n                        <i aria-hidden=\"true\" class=\"fas fa-check\"><\/i>                    <\/div>\r\n                                <div class=\"pxl-item--text  el-empty\">\r\n                    <div class=\"pxl-item-text\">\r\n                       27 Years In IT Leadership                   <\/div>\r\n                   <div class=\"pxl-sub-text\">\r\n                                    <\/div>\r\n            <\/div>\r\n        <\/a>\r\n    <\/div>\r\n\r\n\r\n        <div class=\"pxl--item\">\r\n            <a >\r\n                                    <div class=\"pxl-item--icon pxl-mr-10 style-1\">\r\n                        <i aria-hidden=\"true\" class=\"fas fa-check\"><\/i>                    <\/div>\r\n                                <div class=\"pxl-item--text  el-empty\">\r\n                    <div class=\"pxl-item-text\">\r\n                       2 Years As CIO At Grupo Petropolis                   <\/div>\r\n                   <div class=\"pxl-sub-text\">\r\n                                    <\/div>\r\n            <\/div>\r\n        <\/a>\r\n    <\/div>\r\n\r\n\r\n        <div class=\"pxl--item\">\r\n            <a >\r\n                                    <div class=\"pxl-item--icon pxl-mr-10 style-1\">\r\n                        <i aria-hidden=\"true\" class=\"fas fa-check\"><\/i>                    <\/div>\r\n                                <div class=\"pxl-item--text  el-empty\">\r\n                    <div class=\"pxl-item-text\">\r\n                       2 Years As CIO At Jamef Encomendas Urgentes                    <\/div>\r\n                   <div class=\"pxl-sub-text\">\r\n                                    <\/div>\r\n            <\/div>\r\n        <\/a>\r\n    <\/div>\r\n<\/div>\r\n\t\t\t\t<\/div>\n\t\t\t\t<\/div>\n\t\t\t\t<div class=\"elementor-element elementor-element-796a3e54 elementor-widget__width-auto elementor-widget elementor-widget-pxl_list\" data-id=\"796a3e54\" data-element_type=\"widget\" data-widget_type=\"pxl_list.default\">\n\t\t\t\t<div class=\"elementor-widget-container\">\n\t\t\t\t\t<div class=\"pxl-list pxl-list1 type-vertical \" data-wow-delay=\"ms\">\r\n    <div class=\"pxl--title \"> <\/div>\r\n    \r\n\r\n        <div class=\"pxl--item\">\r\n            <a >\r\n                                    <div class=\"pxl-item--icon pxl-mr-10 style-1\">\r\n                        <i aria-hidden=\"true\" class=\"fas fa-check\"><\/i>                    <\/div>\r\n                                <div class=\"pxl-item--text  el-empty\">\r\n                    <div class=\"pxl-item-text\">\r\n                       Committed To ESG Practices                   <\/div>\r\n                   <div class=\"pxl-sub-text\">\r\n                                    <\/div>\r\n            <\/div>\r\n        <\/a>\r\n    <\/div>\r\n\r\n\r\n        <div class=\"pxl--item\">\r\n            <a >\r\n                                    <div class=\"pxl-item--icon pxl-mr-10 style-1\">\r\n                        <i aria-hidden=\"true\" class=\"fas fa-check\"><\/i>                    <\/div>\r\n                                <div class=\"pxl-item--text  el-empty\">\r\n                    <div class=\"pxl-item-text\">\r\n                       M.S. in Computer Engineering, Networks and IT                   <\/div>\r\n                   <div class=\"pxl-sub-text\">\r\n                                    <\/div>\r\n            <\/div>\r\n        <\/a>\r\n    <\/div>\r\n\r\n\r\n        <div class=\"pxl--item\">\r\n            <a >\r\n                                    <div class=\"pxl-item--icon pxl-mr-10 style-1\">\r\n                        <i aria-hidden=\"true\" class=\"fas fa-check\"><\/i>                    <\/div>\r\n                                <div class=\"pxl-item--text  el-empty\">\r\n                    <div class=\"pxl-item-text\">\r\n                       Microsoft, AWS, Google Certified                   <\/div>\r\n                   <div class=\"pxl-sub-text\">\r\n                                    <\/div>\r\n            <\/div>\r\n        <\/a>\r\n    <\/div>\r\n<\/div>\r\n\t\t\t\t<\/div>\n\t\t\t\t<\/div>\n\t\t\t\t<div class=\"elementor-element elementor-element-76b6b7f3 elementor-widget elementor-widget-pxl_text_editor\" data-id=\"76b6b7f3\" data-element_type=\"widget\" data-widget_type=\"pxl_text_editor.default\">\n\t\t\t\t<div class=\"elementor-widget-container\">\n\t\t\t\t\t<div class=\"pxl-text-editor\">\n\t<div class=\"pxl-item--inner \" data-wow-delay=\"ms\">\n\t\t\t\t\n\t<\/div>\n<\/div>\t\t\t\t<\/div>\n\t\t\t\t<\/div>\n\t\t            <\/div>\r\n        <\/div>\r\n        \t\t\t<\/div>\n\t\t<\/section>\n\t\t            <\/div>\r\n        <\/div>\r\n        \t\t\t<\/div>\n\t\t<\/section>\n\t\t\t\t<\/div>\n\t\t","protected":false},"excerpt":{"rendered":"<p>Jes\u00fas Valverde Romero CISO, SEGIPSA &#8211; Sociedad Mercantil Estatal de Gesti\u00f3n Inmobiliaria de Patrimonio About Jes\u00fas Valverde Romero ***Computer Engineer, MBA from the Polytechnic University of Madrid, PMP Certified for more than 16 years, with more than 28 years of experience in technology. With extensive experience in international environments in countries such as Mexico, Colombia [&hellip;]<\/p>\n","protected":false},"author":1,"featured_media":0,"parent":0,"menu_order":0,"comment_status":"closed","ping_status":"closed","template":"","meta":{"footnotes":""},"class_list":["post-17900","page","type-page","status-publish","hentry"],"yoast_head":"<!-- This site is optimized with the Yoast SEO plugin v26.2 - https:\/\/yoast.com\/wordpress\/plugins\/seo\/ -->\n<title>Jes\u00fas Valverde Romero<\/title>\n<meta name=\"description\" content=\"Jes\u00fas Valverde Romero CISO, SEGIPSA &#8211; Sociedad Mercantil Estatal de Gesti\u00f3n Inmobiliaria de Patrimonio About Jes\u00fas Valverde Romero ***Computer\" \/>\n<meta name=\"robots\" content=\"index, follow, max-snippet:-1, max-image-preview:large, max-video-preview:-1\" \/>\n<link rel=\"canonical\" href=\"https:\/\/ciso-edge.com\/espana\/jesus-valverde-romero\/\" \/>\n<meta property=\"og:locale\" content=\"en_GB\" \/>\n<meta property=\"og:type\" content=\"article\" \/>\n<meta property=\"og:title\" content=\"Jes\u00fas Valverde Romero\" \/>\n<meta property=\"og:description\" content=\"Jes\u00fas Valverde Romero CISO, SEGIPSA &#8211; Sociedad Mercantil Estatal de Gesti\u00f3n Inmobiliaria de Patrimonio About Jes\u00fas Valverde Romero ***Computer\" \/>\n<meta property=\"og:url\" content=\"https:\/\/ciso-edge.com\/espana\/jesus-valverde-romero\/\" \/>\n<meta property=\"og:site_name\" content=\"CISO Edge Espana\" \/>\n<meta property=\"article:modified_time\" content=\"2025-11-11T13:44:34+00:00\" \/>\n<meta property=\"og:image\" content=\"http:\/\/ciso-edge.com\/espana\/wp-content\/uploads\/2025\/09\/Jesus-Valverde-Romero.jpeg\" \/>\n<meta name=\"twitter:card\" content=\"summary_large_image\" \/>\n<meta name=\"twitter:label1\" content=\"Estimated reading time\" \/>\n\t<meta name=\"twitter:data1\" content=\"2 minutes\" \/>\n<script type=\"application\/ld+json\" class=\"yoast-schema-graph\">{\"@context\":\"https:\/\/schema.org\",\"@graph\":[{\"@type\":\"WebPage\",\"@id\":\"https:\/\/ciso-edge.com\/espana\/jesus-valverde-romero\/\",\"url\":\"https:\/\/ciso-edge.com\/espana\/jesus-valverde-romero\/\",\"name\":\"Jes\u00fas Valverde Romero\",\"isPartOf\":{\"@id\":\"https:\/\/ciso-edge.com\/espana\/#website\"},\"primaryImageOfPage\":{\"@id\":\"https:\/\/ciso-edge.com\/espana\/jesus-valverde-romero\/#primaryimage\"},\"image\":{\"@id\":\"https:\/\/ciso-edge.com\/espana\/jesus-valverde-romero\/#primaryimage\"},\"thumbnailUrl\":\"http:\/\/ciso-edge.com\/espana\/wp-content\/uploads\/2025\/09\/Jesus-Valverde-Romero.jpeg\",\"datePublished\":\"2025-11-11T13:41:00+00:00\",\"dateModified\":\"2025-11-11T13:44:34+00:00\",\"description\":\"Jes\u00fas Valverde Romero CISO, SEGIPSA &#8211; Sociedad Mercantil Estatal de Gesti\u00f3n Inmobiliaria de Patrimonio About Jes\u00fas Valverde Romero ***Computer\",\"breadcrumb\":{\"@id\":\"https:\/\/ciso-edge.com\/espana\/jesus-valverde-romero\/#breadcrumb\"},\"inLanguage\":\"en-GB\",\"potentialAction\":[{\"@type\":\"ReadAction\",\"target\":[\"https:\/\/ciso-edge.com\/espana\/jesus-valverde-romero\/\"]}]},{\"@type\":\"ImageObject\",\"inLanguage\":\"en-GB\",\"@id\":\"https:\/\/ciso-edge.com\/espana\/jesus-valverde-romero\/#primaryimage\",\"url\":\"https:\/\/ciso-edge.com\/espana\/wp-content\/uploads\/2025\/09\/Jesus-Valverde-Romero.jpeg\",\"contentUrl\":\"https:\/\/ciso-edge.com\/espana\/wp-content\/uploads\/2025\/09\/Jesus-Valverde-Romero.jpeg\",\"width\":400,\"height\":400},{\"@type\":\"BreadcrumbList\",\"@id\":\"https:\/\/ciso-edge.com\/espana\/jesus-valverde-romero\/#breadcrumb\",\"itemListElement\":[{\"@type\":\"ListItem\",\"position\":1,\"name\":\"Home\",\"item\":\"https:\/\/ciso-edge.com\/espana\/\"},{\"@type\":\"ListItem\",\"position\":2,\"name\":\"Jes\u00fas Valverde Romero\"}]},{\"@type\":\"WebSite\",\"@id\":\"https:\/\/ciso-edge.com\/espana\/#website\",\"url\":\"https:\/\/ciso-edge.com\/espana\/\",\"name\":\"CIO Edge Espana\",\"description\":\"\",\"publisher\":{\"@id\":\"https:\/\/ciso-edge.com\/espana\/#organization\"},\"potentialAction\":[{\"@type\":\"SearchAction\",\"target\":{\"@type\":\"EntryPoint\",\"urlTemplate\":\"https:\/\/ciso-edge.com\/espana\/?s={search_term_string}\"},\"query-input\":{\"@type\":\"PropertyValueSpecification\",\"valueRequired\":true,\"valueName\":\"search_term_string\"}}],\"inLanguage\":\"en-GB\"},{\"@type\":\"Organization\",\"@id\":\"https:\/\/ciso-edge.com\/espana\/#organization\",\"name\":\"CIO Edge Espana\",\"url\":\"https:\/\/ciso-edge.com\/espana\/\",\"logo\":{\"@type\":\"ImageObject\",\"inLanguage\":\"en-GB\",\"@id\":\"https:\/\/ciso-edge.com\/espana\/#\/schema\/logo\/image\/\",\"url\":\"https:\/\/ciso-edge.com\/espana\/wp-content\/uploads\/2025\/09\/logo.png\",\"contentUrl\":\"https:\/\/ciso-edge.com\/espana\/wp-content\/uploads\/2025\/09\/logo.png\",\"width\":225,\"height\":47,\"caption\":\"CIO Edge Espana\"},\"image\":{\"@id\":\"https:\/\/ciso-edge.com\/espana\/#\/schema\/logo\/image\/\"}}]}<\/script>\n<!-- \/ Yoast SEO plugin. -->","yoast_head_json":{"title":"Jes\u00fas Valverde Romero","description":"Jes\u00fas Valverde Romero CISO, SEGIPSA &#8211; Sociedad Mercantil Estatal de Gesti\u00f3n Inmobiliaria de Patrimonio About Jes\u00fas Valverde Romero ***Computer","robots":{"index":"index","follow":"follow","max-snippet":"max-snippet:-1","max-image-preview":"max-image-preview:large","max-video-preview":"max-video-preview:-1"},"canonical":"https:\/\/ciso-edge.com\/espana\/jesus-valverde-romero\/","og_locale":"en_GB","og_type":"article","og_title":"Jes\u00fas Valverde Romero","og_description":"Jes\u00fas Valverde Romero CISO, SEGIPSA &#8211; Sociedad Mercantil Estatal de Gesti\u00f3n Inmobiliaria de Patrimonio About Jes\u00fas Valverde Romero ***Computer","og_url":"https:\/\/ciso-edge.com\/espana\/jesus-valverde-romero\/","og_site_name":"CISO Edge Espana","article_modified_time":"2025-11-11T13:44:34+00:00","og_image":[{"url":"http:\/\/ciso-edge.com\/espana\/wp-content\/uploads\/2025\/09\/Jesus-Valverde-Romero.jpeg","type":"","width":"","height":""}],"twitter_card":"summary_large_image","twitter_misc":{"Estimated reading time":"2 minutes"},"schema":{"@context":"https:\/\/schema.org","@graph":[{"@type":"WebPage","@id":"https:\/\/ciso-edge.com\/espana\/jesus-valverde-romero\/","url":"https:\/\/ciso-edge.com\/espana\/jesus-valverde-romero\/","name":"Jes\u00fas Valverde Romero","isPartOf":{"@id":"https:\/\/ciso-edge.com\/espana\/#website"},"primaryImageOfPage":{"@id":"https:\/\/ciso-edge.com\/espana\/jesus-valverde-romero\/#primaryimage"},"image":{"@id":"https:\/\/ciso-edge.com\/espana\/jesus-valverde-romero\/#primaryimage"},"thumbnailUrl":"http:\/\/ciso-edge.com\/espana\/wp-content\/uploads\/2025\/09\/Jesus-Valverde-Romero.jpeg","datePublished":"2025-11-11T13:41:00+00:00","dateModified":"2025-11-11T13:44:34+00:00","description":"Jes\u00fas Valverde Romero CISO, SEGIPSA &#8211; Sociedad Mercantil Estatal de Gesti\u00f3n Inmobiliaria de Patrimonio About Jes\u00fas Valverde Romero ***Computer","breadcrumb":{"@id":"https:\/\/ciso-edge.com\/espana\/jesus-valverde-romero\/#breadcrumb"},"inLanguage":"en-GB","potentialAction":[{"@type":"ReadAction","target":["https:\/\/ciso-edge.com\/espana\/jesus-valverde-romero\/"]}]},{"@type":"ImageObject","inLanguage":"en-GB","@id":"https:\/\/ciso-edge.com\/espana\/jesus-valverde-romero\/#primaryimage","url":"https:\/\/ciso-edge.com\/espana\/wp-content\/uploads\/2025\/09\/Jesus-Valverde-Romero.jpeg","contentUrl":"https:\/\/ciso-edge.com\/espana\/wp-content\/uploads\/2025\/09\/Jesus-Valverde-Romero.jpeg","width":400,"height":400},{"@type":"BreadcrumbList","@id":"https:\/\/ciso-edge.com\/espana\/jesus-valverde-romero\/#breadcrumb","itemListElement":[{"@type":"ListItem","position":1,"name":"Home","item":"https:\/\/ciso-edge.com\/espana\/"},{"@type":"ListItem","position":2,"name":"Jes\u00fas Valverde Romero"}]},{"@type":"WebSite","@id":"https:\/\/ciso-edge.com\/espana\/#website","url":"https:\/\/ciso-edge.com\/espana\/","name":"CIO Edge Espana","description":"","publisher":{"@id":"https:\/\/ciso-edge.com\/espana\/#organization"},"potentialAction":[{"@type":"SearchAction","target":{"@type":"EntryPoint","urlTemplate":"https:\/\/ciso-edge.com\/espana\/?s={search_term_string}"},"query-input":{"@type":"PropertyValueSpecification","valueRequired":true,"valueName":"search_term_string"}}],"inLanguage":"en-GB"},{"@type":"Organization","@id":"https:\/\/ciso-edge.com\/espana\/#organization","name":"CIO Edge Espana","url":"https:\/\/ciso-edge.com\/espana\/","logo":{"@type":"ImageObject","inLanguage":"en-GB","@id":"https:\/\/ciso-edge.com\/espana\/#\/schema\/logo\/image\/","url":"https:\/\/ciso-edge.com\/espana\/wp-content\/uploads\/2025\/09\/logo.png","contentUrl":"https:\/\/ciso-edge.com\/espana\/wp-content\/uploads\/2025\/09\/logo.png","width":225,"height":47,"caption":"CIO Edge Espana"},"image":{"@id":"https:\/\/ciso-edge.com\/espana\/#\/schema\/logo\/image\/"}}]}},"_hostinger_reach_plugin_has_subscription_block":false,"_hostinger_reach_plugin_is_elementor":false,"_links":{"self":[{"href":"https:\/\/ciso-edge.com\/espana\/wp-json\/wp\/v2\/pages\/17900","targetHints":{"allow":["GET"]}}],"collection":[{"href":"https:\/\/ciso-edge.com\/espana\/wp-json\/wp\/v2\/pages"}],"about":[{"href":"https:\/\/ciso-edge.com\/espana\/wp-json\/wp\/v2\/types\/page"}],"author":[{"embeddable":true,"href":"https:\/\/ciso-edge.com\/espana\/wp-json\/wp\/v2\/users\/1"}],"replies":[{"embeddable":true,"href":"https:\/\/ciso-edge.com\/espana\/wp-json\/wp\/v2\/comments?post=17900"}],"version-history":[{"count":4,"href":"https:\/\/ciso-edge.com\/espana\/wp-json\/wp\/v2\/pages\/17900\/revisions"}],"predecessor-version":[{"id":17908,"href":"https:\/\/ciso-edge.com\/espana\/wp-json\/wp\/v2\/pages\/17900\/revisions\/17908"}],"wp:attachment":[{"href":"https:\/\/ciso-edge.com\/espana\/wp-json\/wp\/v2\/media?parent=17900"}],"curies":[{"name":"wp","href":"https:\/\/api.w.org\/{rel}","templated":true}]}}